{"id":1261,"date":"2024-12-05T17:00:24","date_gmt":"2024-12-05T16:00:24","guid":{"rendered":"https:\/\/amcontrol.myskydoowebsite.com\/?page_id=1261"},"modified":"2025-05-28T17:37:48","modified_gmt":"2025-05-28T15:37:48","slug":"services-pour-les-professionnels","status":"publish","type":"page","link":"https:\/\/amcontrol.be\/nl\/services-pour-les-professionnels\/","title":{"rendered":"Bedrijven"},"content":{"rendered":"<div data-elementor-type=\"wp-page\" data-elementor-id=\"1261\" class=\"elementor elementor-1261\" data-elementor-post-type=\"page\">\n\t\t\t\t<div data-particle_enable=\"false\" data-particle-mobile-disabled=\"false\" class=\"elementor-element elementor-element-c336062 e-flex e-con-boxed e-con e-parent\" data-id=\"c336062\" data-element_type=\"container\" data-e-type=\"container\" data-settings=\"{&quot;background_background&quot;:&quot;classic&quot;,&quot;shape_divider_bottom&quot;:&quot;tilt&quot;}\">\n\t\t\t\t\t<div class=\"e-con-inner\">\n\t\t\t\t<div class=\"elementor-shape elementor-shape-bottom\" aria-hidden=\"true\" data-negative=\"false\">\n\t\t\t<svg xmlns=\"http:\/\/www.w3.org\/2000\/svg\" viewbox=\"0 0 1000 100\" preserveaspectratio=\"none\">\n\t<path class=\"elementor-shape-fill\" d=\"M0,6V0h1000v100L0,6z\"\/>\n<\/svg>\t\t<\/div>\n\t\t\t\t<div class=\"elementor-element elementor-element-8d68a5f elementor-widget elementor-widget-html\" data-id=\"8d68a5f\" data-element_type=\"widget\" data-e-type=\"widget\" data-widget_type=\"html.default\">\n\t\t\t\t<div class=\"elementor-widget-container\">\n\t\t\t\t\t<div class=\"hidden-heading\">\r\n  <h2 class=\"visually-hidden\">\r\n    AM Control offre des solutions de traitement contre les nuisibles professionnels en Belgique pour tous les secteurs d\u2019activit\u00e9\r\n  <\/h2>\r\n<\/div>\r\n\t\t\t\t<\/div>\n\t\t\t\t<\/div>\n\t\t<div data-particle_enable=\"false\" data-particle-mobile-disabled=\"false\" class=\"elementor-element elementor-element-f965937 e-con-full e-flex e-con e-child\" data-id=\"f965937\" data-element_type=\"container\" data-e-type=\"container\">\n\t\t\t\t<div class=\"elementor-element elementor-element-5236ecd elementor-widget elementor-widget-heading\" data-id=\"5236ecd\" data-element_type=\"widget\" data-e-type=\"widget\" data-widget_type=\"heading.default\">\n\t\t\t\t<div class=\"elementor-widget-container\">\n\t\t\t\t\t<h1 class=\"elementor-heading-title elementor-size-default\">Diensten voor professionals - Am Control<\/h1>\t\t\t\t<\/div>\n\t\t\t\t<\/div>\n\t\t\t\t<div class=\"elementor-element elementor-element-d0b33cf elementor-widget elementor-widget-text-editor\" data-id=\"d0b33cf\" data-element_type=\"widget\" data-e-type=\"widget\" data-widget_type=\"text-editor.default\">\n\t\t\t\t<div class=\"elementor-widget-container\">\n\t\t\t\t\t\t\t\t\t<p class=\"translation-block\">Bij <strong data-start=\"271\" data-end=\"285\">Am Control<\/strong> begeleiden wij bedrijven, winkels, industrie\u00ebn en gemeenten in de <strong data-start=\"369\" data-end=\"426\">preventie, het beheer en de eliminatie van ongedierte<\/strong>. Onze interventies zijn ontworpen om te voldoen aan de strikte eisen van de <strong data-start=\"500\" data-end=\"539\">gezondheids- en wettelijke normen<\/strong>, waardoor een veilige omgeving wordt gegarandeerd voor uw werknemers, klanten en partners.<\/p>\t\t\t\t\t\t\t\t<\/div>\n\t\t\t\t<\/div>\n\t\t<div data-particle_enable=\"false\" data-particle-mobile-disabled=\"false\" class=\"elementor-element elementor-element-e72d10c e-con-full e-flex e-con e-child\" data-id=\"e72d10c\" data-element_type=\"container\" data-e-type=\"container\">\n\t\t\t\t<div class=\"elementor-element elementor-element-780edb6 elementor-align-left elementor-tablet-align-center elementor-widget elementor-widget-button\" data-id=\"780edb6\" data-element_type=\"widget\" data-e-type=\"widget\" data-widget_type=\"button.default\">\n\t\t\t\t<div class=\"elementor-widget-container\">\n\t\t\t\t\t\t\t\t\t<div class=\"elementor-button-wrapper\">\n\t\t\t\t\t<a class=\"elementor-button elementor-button-link elementor-size-sm\" href=\"https:\/\/amcontrol.be\/nl\/contact\/\">\n\t\t\t\t\t\t<span class=\"elementor-button-content-wrapper\">\n\t\t\t\t\t\t\t\t\t<span class=\"elementor-button-text\">Bescherm uw bedrijf vandaag nog!<\/span>\n\t\t\t\t\t<\/span>\n\t\t\t\t\t<\/a>\n\t\t\t\t<\/div>\n\t\t\t\t\t\t\t\t<\/div>\n\t\t\t\t<\/div>\n\t\t\t\t<\/div>\n\t\t\t\t<\/div>\n\t\t\t\t\t<\/div>\n\t\t\t\t<\/div>\n\t\t<div data-particle_enable=\"false\" data-particle-mobile-disabled=\"false\" class=\"elementor-element elementor-element-831ff4e e-flex e-con-boxed e-con e-parent\" data-id=\"831ff4e\" data-element_type=\"container\" data-e-type=\"container\">\n\t\t\t\t\t<div class=\"e-con-inner\">\n\t\t<div data-particle_enable=\"false\" data-particle-mobile-disabled=\"false\" class=\"elementor-element elementor-element-d1a1fba e-con-full e-flex e-con e-child\" data-id=\"d1a1fba\" data-element_type=\"container\" data-e-type=\"container\">\n\t\t\t\t<div class=\"elementor-element elementor-element-2cf18ef elementor-widget elementor-widget-heading\" data-id=\"2cf18ef\" data-element_type=\"widget\" data-e-type=\"widget\" data-widget_type=\"heading.default\">\n\t\t\t\t<div class=\"elementor-widget-container\">\n\t\t\t\t\t<h2 class=\"elementor-heading-title elementor-size-default\">Effici\u00ebnte oplossingen om uw bedrijf te beschermen tegen ongedierte.\n<\/h2>\t\t\t\t<\/div>\n\t\t\t\t<\/div>\n\t\t\t\t<div class=\"elementor-element elementor-element-e2656e3 elementor-widget elementor-widget-text-editor\" data-id=\"e2656e3\" data-element_type=\"widget\" data-e-type=\"widget\" data-widget_type=\"text-editor.default\">\n\t\t\t\t<div class=\"elementor-widget-container\">\n\t\t\t\t\t\t\t\t\t<p class=\"translation-block\">Nos \u00e9quipes d\u2019experts d\u00e9ploient des solutions <strong data-start=\"673\" data-end=\"733\">efficaces, discr\u00e8tes et respectueuses de l\u2019environnement<\/strong> afin de prot\u00e9ger durablement votre activit\u00e9 contre les nuisibles.<\/p>\t\t\t\t\t\t\t\t<\/div>\n\t\t\t\t<\/div>\n\t\t\t\t<\/div>\n\t\t\t\t\t<\/div>\n\t\t\t\t<\/div>\n\t\t<div data-particle_enable=\"false\" data-particle-mobile-disabled=\"false\" class=\"elementor-element elementor-element-a6caab5 e-grid e-con-boxed e-con e-parent\" data-id=\"a6caab5\" data-element_type=\"container\" data-e-type=\"container\" data-settings=\"{&quot;background_background&quot;:&quot;classic&quot;}\">\n\t\t\t\t\t<div class=\"e-con-inner\">\n\t\t\t\t<div class=\"elementor-element elementor-element-14d49a7 elementor-widget elementor-widget-link-in-bio\" data-id=\"14d49a7\" data-element_type=\"widget\" data-e-type=\"widget\" data-widget_type=\"link-in-bio.default\">\n\t\t\t\t<div class=\"elementor-widget-container\">\n\t\t\t\t\t\t\t<div class=\"e-link-in-bio e-link-in-bio\">\n\t\t\t<div class=\"e-link-in-bio__content\">\n\n\t\t\t\t\t\t<div class=\"e-link-in-bio__identity\">\n\t\t\t\t\t\t\t\t\t<div class=\"e-link-in-bio__identity-image e-link-in-bio__identity-image-cover\">\n\t\t\t\t\t\t\t<img fetchpriority=\"high\" decoding=\"async\" width=\"1080\" height=\"1080\" src=\"https:\/\/amcontrol.be\/wp-content\/uploads\/Design-sans-titre-2025-01-23T115144.433.png\" class=\"e-link-in-bio__identity-image-element\" alt=\"intervention nuisibles\" srcset=\"https:\/\/amcontrol.be\/wp-content\/uploads\/Design-sans-titre-2025-01-23T115144.433.png 1080w, https:\/\/amcontrol.be\/wp-content\/uploads\/Design-sans-titre-2025-01-23T115144.433-600x600.png 600w, https:\/\/amcontrol.be\/wp-content\/uploads\/Design-sans-titre-2025-01-23T115144.433-768x768.png 768w\" sizes=\"(max-width: 1080px) 100vw, 1080px\" title=\"\">\t\t\t\t\t\t\t\t\t\t\t\t\t<\/div>\n\t\t\t\t\t\t\t<\/div>\n\t\t\t\t\t<div class=\"e-link-in-bio__bio\">\n\t\t\t\t<h2 class=\"e-link-in-bio__heading\">Rattenbestrijding<\/h2>\t\t\t\t\t\t\t\t\t\t\t\t\t\t\t<\/div>\n\t\t\t\t\t<div class=\"e-link-in-bio__icons has-size-small\">\n\t\t\t\t\t\t\t<div class=\"e-link-in-bio__icon is-size-small\">\n\t\t\t\t\t<a target=\"_blank\" rel=\"noopener \" aria-label=\"Facebook\" class=\"e-link-in-bio__icon-link\" href=\"\">\n\t\t\t\t\t\t<span class=\"e-link-in-bio__icon-svg\">\n\t\t\t\t\t\t\t<i aria-hidden=\"true\" class=\"fab fa-facebook\"><\/i>\t\t\t\t\t\t<\/span>\n\t\t\t\t\t\t\t\t\t\t\t<\/a>\n\t\t\t\t<\/div>\n\t\t\t\t\t<\/div>\n\t\t\n\t\t<div class=\"e-link-in-bio__ctas has-type-button\">\n\t\t\t\t\t\t\t<a href=\"https:\/\/amcontrol.be\/nl\/deratisation\/\" class=\"e-link-in-bio__cta is-type-button has-corners-round\">\n\t\t\t\t\t\t\t\t\t\t<span class=\"e-link-in-bio__cta-text\">\n\t\t\t\t\t\tLees meer\t\t\t\t\t<\/span>\n\t\t\t\t<\/a>\n\t\t\t\t\t<\/div>\n\t\t\n\t\t\t<\/div>\n\t\t\t<div class=\"e-link-in-bio__bg\">\n\t\t\t\t<div class=\"e-link-in-bio__bg-overlay\"><\/div>\n\t\t\t<\/div>\n\t\t<\/div>\n\t\t\t\t\t\t<\/div>\n\t\t\t\t<\/div>\n\t\t\t\t<div class=\"elementor-element elementor-element-9f81b05 elementor-widget elementor-widget-link-in-bio\" data-id=\"9f81b05\" data-element_type=\"widget\" data-e-type=\"widget\" data-widget_type=\"link-in-bio.default\">\n\t\t\t\t<div class=\"elementor-widget-container\">\n\t\t\t\t\t\t\t<div class=\"e-link-in-bio e-link-in-bio\">\n\t\t\t<div class=\"e-link-in-bio__content\">\n\n\t\t\t\t\t\t<div class=\"e-link-in-bio__identity\">\n\t\t\t\t\t\t\t\t\t<div class=\"e-link-in-bio__identity-image e-link-in-bio__identity-image-cover\">\n\t\t\t\t\t\t\t<img decoding=\"async\" width=\"1080\" height=\"1080\" src=\"https:\/\/amcontrol.be\/wp-content\/uploads\/Design-sans-titre-2025-01-23T115607.386.png\" class=\"e-link-in-bio__identity-image-element\" alt=\",\" srcset=\"https:\/\/amcontrol.be\/wp-content\/uploads\/Design-sans-titre-2025-01-23T115607.386.png 1080w, https:\/\/amcontrol.be\/wp-content\/uploads\/Design-sans-titre-2025-01-23T115607.386-600x600.png 600w, https:\/\/amcontrol.be\/wp-content\/uploads\/Design-sans-titre-2025-01-23T115607.386-768x768.png 768w\" sizes=\"(max-width: 1080px) 100vw, 1080px\" title=\"\">\t\t\t\t\t\t\t\t\t\t\t\t\t<\/div>\n\t\t\t\t\t\t\t<\/div>\n\t\t\t\t\t<div class=\"e-link-in-bio__bio\">\n\t\t\t\t<h2 class=\"e-link-in-bio__heading\">Insectenbestrijding<\/h2>\t\t\t\t\t\t\t\t\t\t\t\t\t\t\t<\/div>\n\t\t\t\t\t<div class=\"e-link-in-bio__icons has-size-small\">\n\t\t\t\t\t\t\t<div class=\"e-link-in-bio__icon is-size-small\">\n\t\t\t\t\t<a target=\"_blank\" rel=\"noopener \" aria-label=\"Facebook\" class=\"e-link-in-bio__icon-link\" href=\"\">\n\t\t\t\t\t\t<span class=\"e-link-in-bio__icon-svg\">\n\t\t\t\t\t\t\t<i aria-hidden=\"true\" class=\"fab fa-facebook\"><\/i>\t\t\t\t\t\t<\/span>\n\t\t\t\t\t\t\t\t\t\t\t<\/a>\n\t\t\t\t<\/div>\n\t\t\t\t\t<\/div>\n\t\t\n\t\t<div class=\"e-link-in-bio__ctas has-type-button\">\n\t\t\t\t\t\t\t<a href=\"https:\/\/amcontrol.be\/nl\/desinsection\/\" class=\"e-link-in-bio__cta is-type-button has-corners-round\">\n\t\t\t\t\t\t\t\t\t\t<span class=\"e-link-in-bio__cta-text\">\n\t\t\t\t\t\tLees meer\t\t\t\t\t<\/span>\n\t\t\t\t<\/a>\n\t\t\t\t\t<\/div>\n\t\t\n\t\t\t<\/div>\n\t\t\t<div class=\"e-link-in-bio__bg\">\n\t\t\t\t<div class=\"e-link-in-bio__bg-overlay\"><\/div>\n\t\t\t<\/div>\n\t\t<\/div>\n\t\t\t\t\t\t<\/div>\n\t\t\t\t<\/div>\n\t\t\t\t<div class=\"elementor-element elementor-element-4391ff9 elementor-widget elementor-widget-link-in-bio\" data-id=\"4391ff9\" data-element_type=\"widget\" data-e-type=\"widget\" data-widget_type=\"link-in-bio.default\">\n\t\t\t\t<div class=\"elementor-widget-container\">\n\t\t\t\t\t\t\t<div class=\"e-link-in-bio e-link-in-bio\">\n\t\t\t<div class=\"e-link-in-bio__content\">\n\n\t\t\t\t\t\t<div class=\"e-link-in-bio__identity\">\n\t\t\t\t\t\t\t\t\t<div class=\"e-link-in-bio__identity-image e-link-in-bio__identity-image-cover\">\n\t\t\t\t\t\t\t<img decoding=\"async\" width=\"1080\" height=\"1080\" src=\"https:\/\/amcontrol.be\/wp-content\/uploads\/Design-sans-titre-2025-01-23T160721.623.png\" class=\"e-link-in-bio__identity-image-element\" alt=\"anti-pigeons\" srcset=\"https:\/\/amcontrol.be\/wp-content\/uploads\/Design-sans-titre-2025-01-23T160721.623.png 1080w, https:\/\/amcontrol.be\/wp-content\/uploads\/Design-sans-titre-2025-01-23T160721.623-600x600.png 600w, https:\/\/amcontrol.be\/wp-content\/uploads\/Design-sans-titre-2025-01-23T160721.623-768x768.png 768w\" sizes=\"(max-width: 1080px) 100vw, 1080px\" title=\"\">\t\t\t\t\t\t\t\t\t\t\t\t\t<\/div>\n\t\t\t\t\t\t\t<\/div>\n\t\t\t\t\t<div class=\"e-link-in-bio__bio\">\n\t\t\t\t<h2 class=\"e-link-in-bio__heading\">Duif barri\u00e8res<\/h2>\t\t\t\t\t\t\t\t\t\t\t\t\t\t\t<\/div>\n\t\t\t\t\t<div class=\"e-link-in-bio__icons has-size-small\">\n\t\t\t\t\t\t\t<div class=\"e-link-in-bio__icon is-size-small\">\n\t\t\t\t\t<a target=\"_blank\" rel=\"noopener \" aria-label=\"Facebook\" class=\"e-link-in-bio__icon-link\" href=\"\">\n\t\t\t\t\t\t<span class=\"e-link-in-bio__icon-svg\">\n\t\t\t\t\t\t\t<i aria-hidden=\"true\" class=\"fab fa-facebook\"><\/i>\t\t\t\t\t\t<\/span>\n\t\t\t\t\t\t\t\t\t\t\t<\/a>\n\t\t\t\t<\/div>\n\t\t\t\t\t<\/div>\n\t\t\n\t\t<div class=\"e-link-in-bio__ctas has-type-button\">\n\t\t\t\t\t\t\t<a href=\"https:\/\/amcontrol.be\/nl\/dispositifs-sur-mesure-anti-pigeons\/\" class=\"e-link-in-bio__cta is-type-button has-corners-round\">\n\t\t\t\t\t\t\t\t\t\t<span class=\"e-link-in-bio__cta-text\">\n\t\t\t\t\t\tLees meer\t\t\t\t\t<\/span>\n\t\t\t\t<\/a>\n\t\t\t\t\t<\/div>\n\t\t\n\t\t\t<\/div>\n\t\t\t<div class=\"e-link-in-bio__bg\">\n\t\t\t\t<div class=\"e-link-in-bio__bg-overlay\"><\/div>\n\t\t\t<\/div>\n\t\t<\/div>\n\t\t\t\t\t\t<\/div>\n\t\t\t\t<\/div>\n\t\t\t\t<div class=\"elementor-element elementor-element-a22962f elementor-widget elementor-widget-link-in-bio\" data-id=\"a22962f\" data-element_type=\"widget\" data-e-type=\"widget\" data-widget_type=\"link-in-bio.default\">\n\t\t\t\t<div class=\"elementor-widget-container\">\n\t\t\t\t\t\t\t<div class=\"e-link-in-bio e-link-in-bio\">\n\t\t\t<div class=\"e-link-in-bio__content\">\n\n\t\t\t\t\t\t<div class=\"e-link-in-bio__identity\">\n\t\t\t\t\t\t\t\t\t<div class=\"e-link-in-bio__identity-image e-link-in-bio__identity-image-cover\">\n\t\t\t\t\t\t\t<img loading=\"lazy\" decoding=\"async\" width=\"1080\" height=\"1080\" src=\"https:\/\/amcontrol.be\/wp-content\/uploads\/Design-sans-titre-2025-01-23T161428.316.png\" class=\"e-link-in-bio__identity-image-element\" alt=\"d\u00e9tection nuisibles\" srcset=\"https:\/\/amcontrol.be\/wp-content\/uploads\/Design-sans-titre-2025-01-23T161428.316.png 1080w, https:\/\/amcontrol.be\/wp-content\/uploads\/Design-sans-titre-2025-01-23T161428.316-600x600.png 600w, https:\/\/amcontrol.be\/wp-content\/uploads\/Design-sans-titre-2025-01-23T161428.316-768x768.png 768w\" sizes=\"(max-width: 1080px) 100vw, 1080px\" title=\"\">\t\t\t\t\t\t\t\t\t\t\t\t\t<\/div>\n\t\t\t\t\t\t\t<\/div>\n\t\t\t\t\t<div class=\"e-link-in-bio__bio\">\n\t\t\t\t<h2 class=\"e-link-in-bio__heading\">Fumigatie<\/h2>\t\t\t\t\t\t\t\t\t\t\t\t\t\t\t<\/div>\n\t\t\t\t\t<div class=\"e-link-in-bio__icons has-size-small\">\n\t\t\t\t\t\t\t<div class=\"e-link-in-bio__icon is-size-small\">\n\t\t\t\t\t<a target=\"_blank\" rel=\"noopener \" aria-label=\"Facebook\" class=\"e-link-in-bio__icon-link\" href=\"\">\n\t\t\t\t\t\t<span class=\"e-link-in-bio__icon-svg\">\n\t\t\t\t\t\t\t<i aria-hidden=\"true\" class=\"fab fa-facebook\"><\/i>\t\t\t\t\t\t<\/span>\n\t\t\t\t\t\t\t\t\t\t\t<\/a>\n\t\t\t\t<\/div>\n\t\t\t\t\t<\/div>\n\t\t\n\t\t<div class=\"e-link-in-bio__ctas has-type-button\">\n\t\t\t\t\t\t\t<a href=\"https:\/\/amcontrol.be\/nl\/fumigation\/\" class=\"e-link-in-bio__cta is-type-button has-corners-round\">\n\t\t\t\t\t\t\t\t\t\t<span class=\"e-link-in-bio__cta-text\">\n\t\t\t\t\t\tLees meer\t\t\t\t\t<\/span>\n\t\t\t\t<\/a>\n\t\t\t\t\t<\/div>\n\t\t\n\t\t\t<\/div>\n\t\t\t<div class=\"e-link-in-bio__bg\">\n\t\t\t\t<div class=\"e-link-in-bio__bg-overlay\"><\/div>\n\t\t\t<\/div>\n\t\t<\/div>\n\t\t\t\t\t\t<\/div>\n\t\t\t\t<\/div>\n\t\t\t\t<div class=\"elementor-element elementor-element-af40f49 elementor-widget elementor-widget-link-in-bio\" data-id=\"af40f49\" data-element_type=\"widget\" data-e-type=\"widget\" data-widget_type=\"link-in-bio.default\">\n\t\t\t\t<div class=\"elementor-widget-container\">\n\t\t\t\t\t\t\t<div class=\"e-link-in-bio e-link-in-bio\">\n\t\t\t<div class=\"e-link-in-bio__content\">\n\n\t\t\t\t\t\t<div class=\"e-link-in-bio__identity\">\n\t\t\t\t\t\t\t\t\t<div class=\"e-link-in-bio__identity-image e-link-in-bio__identity-image-cover\">\n\t\t\t\t\t\t\t<img loading=\"lazy\" decoding=\"async\" width=\"1080\" height=\"1080\" src=\"https:\/\/amcontrol.be\/wp-content\/uploads\/Design-sans-titre-2025-01-23T162034.245.png\" class=\"e-link-in-bio__identity-image-element\" alt=\",\" srcset=\"https:\/\/amcontrol.be\/wp-content\/uploads\/Design-sans-titre-2025-01-23T162034.245.png 1080w, https:\/\/amcontrol.be\/wp-content\/uploads\/Design-sans-titre-2025-01-23T162034.245-600x600.png 600w, https:\/\/amcontrol.be\/wp-content\/uploads\/Design-sans-titre-2025-01-23T162034.245-768x768.png 768w\" sizes=\"(max-width: 1080px) 100vw, 1080px\" title=\"\">\t\t\t\t\t\t\t\t\t\t\t\t\t<\/div>\n\t\t\t\t\t\t\t<\/div>\n\t\t\t\t\t<div class=\"e-link-in-bio__bio\">\n\t\t\t\t<h2 class=\"e-link-in-bio__heading\">Bouwcontrole<\/h2>\t\t\t\t\t\t\t\t\t\t\t\t\t\t\t<\/div>\n\t\t\t\t\t<div class=\"e-link-in-bio__icons has-size-small\">\n\t\t\t\t\t\t\t<div class=\"e-link-in-bio__icon is-size-small\">\n\t\t\t\t\t<a target=\"_blank\" rel=\"noopener \" aria-label=\"Facebook\" class=\"e-link-in-bio__icon-link\" href=\"\">\n\t\t\t\t\t\t<span class=\"e-link-in-bio__icon-svg\">\n\t\t\t\t\t\t\t<i aria-hidden=\"true\" class=\"fab fa-facebook\"><\/i>\t\t\t\t\t\t<\/span>\n\t\t\t\t\t\t\t\t\t\t\t<\/a>\n\t\t\t\t<\/div>\n\t\t\t\t\t<\/div>\n\t\t\n\t\t<div class=\"e-link-in-bio__ctas has-type-button\">\n\t\t\t\t\t\t\t<a href=\"https:\/\/amcontrol.be\/nl\/inspection-des-batiments\/\" class=\"e-link-in-bio__cta is-type-button has-corners-round\">\n\t\t\t\t\t\t\t\t\t\t<span class=\"e-link-in-bio__cta-text\">\n\t\t\t\t\t\tLees meer\t\t\t\t\t<\/span>\n\t\t\t\t<\/a>\n\t\t\t\t\t<\/div>\n\t\t\n\t\t\t<\/div>\n\t\t\t<div class=\"e-link-in-bio__bg\">\n\t\t\t\t<div class=\"e-link-in-bio__bg-overlay\"><\/div>\n\t\t\t<\/div>\n\t\t<\/div>\n\t\t\t\t\t\t<\/div>\n\t\t\t\t<\/div>\n\t\t\t\t<div class=\"elementor-element elementor-element-4753a27 elementor-widget elementor-widget-link-in-bio\" data-id=\"4753a27\" data-element_type=\"widget\" data-e-type=\"widget\" data-widget_type=\"link-in-bio.default\">\n\t\t\t\t<div class=\"elementor-widget-container\">\n\t\t\t\t\t\t\t<div class=\"e-link-in-bio e-link-in-bio\">\n\t\t\t<div class=\"e-link-in-bio__content\">\n\n\t\t\t\t\t\t<div class=\"e-link-in-bio__identity\">\n\t\t\t\t\t\t\t\t\t<div class=\"e-link-in-bio__identity-image e-link-in-bio__identity-image-cover\">\n\t\t\t\t\t\t\t<img loading=\"lazy\" decoding=\"async\" width=\"1080\" height=\"1080\" src=\"https:\/\/amcontrol.be\/wp-content\/uploads\/Design-sans-titre-2025-01-23T164101.607.png\" class=\"e-link-in-bio__identity-image-element\" alt=\",\" srcset=\"https:\/\/amcontrol.be\/wp-content\/uploads\/Design-sans-titre-2025-01-23T164101.607.png 1080w, https:\/\/amcontrol.be\/wp-content\/uploads\/Design-sans-titre-2025-01-23T164101.607-600x600.png 600w, https:\/\/amcontrol.be\/wp-content\/uploads\/Design-sans-titre-2025-01-23T164101.607-768x768.png 768w\" sizes=\"(max-width: 1080px) 100vw, 1080px\" title=\"\">\t\t\t\t\t\t\t\t\t\t\t\t\t<\/div>\n\t\t\t\t\t\t\t<\/div>\n\t\t\t\t\t<div class=\"e-link-in-bio__bio\">\n\t\t\t\t<h2 class=\"e-link-in-bio__heading\">Preventieplan<\/h2>\t\t\t\t\t\t\t\t\t\t\t\t\t\t\t<\/div>\n\t\t\t\t\t<div class=\"e-link-in-bio__icons has-size-small\">\n\t\t\t\t\t\t\t<div class=\"e-link-in-bio__icon is-size-small\">\n\t\t\t\t\t<a target=\"_blank\" rel=\"noopener \" aria-label=\"Facebook\" class=\"e-link-in-bio__icon-link\" href=\"\">\n\t\t\t\t\t\t<span class=\"e-link-in-bio__icon-svg\">\n\t\t\t\t\t\t\t<i aria-hidden=\"true\" class=\"fab fa-facebook\"><\/i>\t\t\t\t\t\t<\/span>\n\t\t\t\t\t\t\t\t\t\t\t<\/a>\n\t\t\t\t<\/div>\n\t\t\t\t\t<\/div>\n\t\t\n\t\t<div class=\"e-link-in-bio__ctas has-type-button\">\n\t\t\t\t\t\t\t<a href=\"https:\/\/amcontrol.be\/nl\/plan-de-prevention\/\" class=\"e-link-in-bio__cta is-type-button has-corners-round\">\n\t\t\t\t\t\t\t\t\t\t<span class=\"e-link-in-bio__cta-text\">\n\t\t\t\t\t\tLees meer\t\t\t\t\t<\/span>\n\t\t\t\t<\/a>\n\t\t\t\t\t<\/div>\n\t\t\n\t\t\t<\/div>\n\t\t\t<div class=\"e-link-in-bio__bg\">\n\t\t\t\t<div class=\"e-link-in-bio__bg-overlay\"><\/div>\n\t\t\t<\/div>\n\t\t<\/div>\n\t\t\t\t\t\t<\/div>\n\t\t\t\t<\/div>\n\t\t\t\t\t<\/div>\n\t\t\t\t<\/div>\n\t\t<div data-particle_enable=\"false\" data-particle-mobile-disabled=\"false\" class=\"elementor-element elementor-element-191b894 e-flex e-con-boxed e-con e-parent\" data-id=\"191b894\" data-element_type=\"container\" data-e-type=\"container\" data-settings=\"{&quot;background_background&quot;:&quot;classic&quot;,&quot;shape_divider_top&quot;:&quot;tilt&quot;,&quot;shape_divider_bottom&quot;:&quot;tilt&quot;}\">\n\t\t\t\t\t<div class=\"e-con-inner\">\n\t\t\t\t<div class=\"elementor-shape elementor-shape-top\" aria-hidden=\"true\" data-negative=\"false\">\n\t\t\t<svg xmlns=\"http:\/\/www.w3.org\/2000\/svg\" viewbox=\"0 0 1000 100\" preserveaspectratio=\"none\">\n\t<path class=\"elementor-shape-fill\" d=\"M0,6V0h1000v100L0,6z\"\/>\n<\/svg>\t\t<\/div>\n\t\t\t\t<div class=\"elementor-shape elementor-shape-bottom\" aria-hidden=\"true\" data-negative=\"false\">\n\t\t\t<svg xmlns=\"http:\/\/www.w3.org\/2000\/svg\" viewbox=\"0 0 1000 100\" preserveaspectratio=\"none\">\n\t<path class=\"elementor-shape-fill\" d=\"M0,6V0h1000v100L0,6z\"\/>\n<\/svg>\t\t<\/div>\n\t\t<div data-particle_enable=\"false\" data-particle-mobile-disabled=\"false\" class=\"elementor-element elementor-element-29255ba e-flex e-con-boxed e-con e-child\" data-id=\"29255ba\" data-element_type=\"container\" data-e-type=\"container\">\n\t\t\t\t\t<div class=\"e-con-inner\">\n\t\t\t\t<div class=\"elementor-element elementor-element-3a9f6a1 elementor-widget elementor-widget-heading\" data-id=\"3a9f6a1\" data-element_type=\"widget\" data-e-type=\"widget\" data-widget_type=\"heading.default\">\n\t\t\t\t<div class=\"elementor-widget-container\">\n\t\t\t\t\t<h2 class=\"elementor-heading-title elementor-size-default\">Preventieplan<\/h2>\t\t\t\t<\/div>\n\t\t\t\t<\/div>\n\t\t\t\t<div class=\"elementor-element elementor-element-7415398 elementor-widget elementor-widget-text-editor\" data-id=\"7415398\" data-element_type=\"widget\" data-e-type=\"widget\" data-widget_type=\"text-editor.default\">\n\t\t\t\t<div class=\"elementor-widget-container\">\n\t\t\t\t\t\t\t\t\t<p data-start=\"143\" data-end=\"513\" class=\"translation-block\">Ongedierte zoals <strong data-start=\"167\" data-end=\"202\">knaagdieren, insecten en vliegende dieren<\/strong> kunnen zich snel nestelen in een <strong data-start=\"242\" data-end=\"254\">woning<\/strong> of een <strong data-start=\"261\" data-end=\"292\">bedrijfspand<\/strong>, wat leidt tot <strong data-start=\"309\" data-end=\"356\">gezondheids-, materi\u00eble en financi\u00eble risico's<\/strong>. Een enkele curatieve behandeling is niet altijd voldoende: om herbesmetting te voorkomen, is het cruciaal een <strong data-start=\"474\" data-end=\"510\">effectieve preventiestrategie<\/strong> te hanteren.<\/p><p data-start=\"515\" data-end=\"688\" class=\"translation-block\">Bij <strong data-start=\"520\" data-end=\"534\">Am Control<\/strong> implementeren wij <strong data-start=\"562\" data-end=\"596\">op maat gemaakte preventieplannen<\/strong> die zijn afgestemd op uw situatie, zodat uw huis of uw bedrijf duurzaam beschermd wordt.<\/p>\t\t\t\t\t\t\t\t<\/div>\n\t\t\t\t<\/div>\n\t\t<div data-particle_enable=\"false\" data-particle-mobile-disabled=\"false\" class=\"elementor-element elementor-element-fb74d9d e-con-full e-flex e-con e-child\" data-id=\"fb74d9d\" data-element_type=\"container\" data-e-type=\"container\">\n\t\t\t\t<div class=\"elementor-element elementor-element-6446a43 elementor-align-center elementor-widget elementor-widget-button\" data-id=\"6446a43\" data-element_type=\"widget\" data-e-type=\"widget\" data-widget_type=\"button.default\">\n\t\t\t\t<div class=\"elementor-widget-container\">\n\t\t\t\t\t\t\t\t\t<div class=\"elementor-button-wrapper\">\n\t\t\t\t\t<a class=\"elementor-button elementor-button-link elementor-size-sm\" href=\"https:\/\/amcontrol.be\/nl\/plan-de-prevention\/\">\n\t\t\t\t\t\t<span class=\"elementor-button-content-wrapper\">\n\t\t\t\t\t\t\t\t\t<span class=\"elementor-button-text\">Meer zien<\/span>\n\t\t\t\t\t<\/span>\n\t\t\t\t\t<\/a>\n\t\t\t\t<\/div>\n\t\t\t\t\t\t\t\t<\/div>\n\t\t\t\t<\/div>\n\t\t\t\t<\/div>\n\t\t\t\t\t<\/div>\n\t\t\t\t<\/div>\n\t\t\t\t\t<\/div>\n\t\t\t\t<\/div>\n\t\t\t\t<\/div>","protected":false},"excerpt":{"rendered":"<p>AM Control offre des solutions de traitement contre les nuisibles professionnels en Belgique pour tous les secteurs d\u2019activit\u00e9 Services pour les Professionnels \u2013 Am Control Chez Am Control, nous accompagnons les entreprises, commerces, industries et collectivit\u00e9s dans la pr\u00e9vention, la gestion et l\u2019\u00e9limination des nuisibles. Nos interventions sont con\u00e7ues pour r\u00e9pondre aux exigences strictes des [&hellip;]<\/p>\n","protected":false},"author":1,"featured_media":2369,"parent":0,"menu_order":0,"comment_status":"closed","ping_status":"closed","template":"","meta":{"footnotes":""},"class_list":["post-1261","page","type-page","status-publish","has-post-thumbnail","hentry"],"_links":{"self":[{"href":"https:\/\/amcontrol.be\/nl\/wp-json\/wp\/v2\/pages\/1261","targetHints":{"allow":["GET"]}}],"collection":[{"href":"https:\/\/amcontrol.be\/nl\/wp-json\/wp\/v2\/pages"}],"about":[{"href":"https:\/\/amcontrol.be\/nl\/wp-json\/wp\/v2\/types\/page"}],"author":[{"embeddable":true,"href":"https:\/\/amcontrol.be\/nl\/wp-json\/wp\/v2\/users\/1"}],"replies":[{"embeddable":true,"href":"https:\/\/amcontrol.be\/nl\/wp-json\/wp\/v2\/comments?post=1261"}],"version-history":[{"count":300,"href":"https:\/\/amcontrol.be\/nl\/wp-json\/wp\/v2\/pages\/1261\/revisions"}],"predecessor-version":[{"id":4058,"href":"https:\/\/amcontrol.be\/nl\/wp-json\/wp\/v2\/pages\/1261\/revisions\/4058"}],"wp:featuredmedia":[{"embeddable":true,"href":"https:\/\/amcontrol.be\/nl\/wp-json\/wp\/v2\/media\/2369"}],"wp:attachment":[{"href":"https:\/\/amcontrol.be\/nl\/wp-json\/wp\/v2\/media?parent=1261"}],"curies":[{"name":"wp","href":"https:\/\/api.w.org\/{rel}","templated":true}]}}