{"id":1482,"date":"2025-01-08T17:33:02","date_gmt":"2025-01-08T16:33:02","guid":{"rendered":"https:\/\/amcontrol.myskydoowebsite.com\/?page_id=1482"},"modified":"2025-06-11T17:01:16","modified_gmt":"2025-06-11T15:01:16","slug":"nuisibles","status":"publish","type":"page","link":"https:\/\/amcontrol.be\/nl\/nuisibles\/","title":{"rendered":"Ongedierte"},"content":{"rendered":"<div data-elementor-type=\"wp-page\" data-elementor-id=\"1482\" class=\"elementor elementor-1482\" data-elementor-post-type=\"page\">\n\t\t\t\t<div data-particle_enable=\"false\" data-particle-mobile-disabled=\"false\" class=\"elementor-element elementor-element-61ba5b8 e-flex e-con-boxed e-con e-parent\" data-id=\"61ba5b8\" data-element_type=\"container\" data-e-type=\"container\" data-settings=\"{&quot;background_background&quot;:&quot;classic&quot;,&quot;shape_divider_bottom&quot;:&quot;tilt&quot;}\">\n\t\t\t\t\t<div class=\"e-con-inner\">\n\t\t\t\t<div class=\"elementor-shape elementor-shape-bottom\" aria-hidden=\"true\" data-negative=\"false\">\n\t\t\t<svg xmlns=\"http:\/\/www.w3.org\/2000\/svg\" viewbox=\"0 0 1000 100\" preserveaspectratio=\"none\">\n\t<path class=\"elementor-shape-fill\" d=\"M0,6V0h1000v100L0,6z\"\/>\n<\/svg>\t\t<\/div>\n\t\t<div data-particle_enable=\"false\" data-particle-mobile-disabled=\"false\" class=\"elementor-element elementor-element-8f61961 e-con-full e-flex e-con e-child\" data-id=\"8f61961\" data-element_type=\"container\" data-e-type=\"container\">\n\t\t\t\t<div class=\"elementor-element elementor-element-9187fb0 elementor-widget elementor-widget-heading\" data-id=\"9187fb0\" data-element_type=\"widget\" data-e-type=\"widget\" data-widget_type=\"heading.default\">\n\t\t\t\t<div class=\"elementor-widget-container\">\n\t\t\t\t\t<h2 class=\"elementor-heading-title elementor-size-default\">Identificeer en elimineer de bedreigingen in uw omgeving<\/h2>\t\t\t\t<\/div>\n\t\t\t\t<\/div>\n\t\t\t\t<div class=\"elementor-element elementor-element-967b693 elementor-widget elementor-widget-text-editor\" data-id=\"967b693\" data-element_type=\"widget\" data-e-type=\"widget\" data-widget_type=\"text-editor.default\">\n\t\t\t\t<div class=\"elementor-widget-container\">\n\t\t\t\t\t\t\t\t\t<p data-start=\"211\" data-end=\"532\" class=\"translation-block\">Ongedierte kan uw woning of bedrijf binnenvallen, waardoor materi\u00eble schade, overlast en gezondheidsrisico's ontstaan. Of het nu gaat om knaagdieren, kakkerlakken, bedwantsen, kruipende of vliegende insecten, of zelfs wespen en hoornaars, hun aanwezigheid kan al snel een groot probleem vormen.<\/p><p data-start=\"534\" data-end=\"703\" class=\"translation-block\">Bij <strong data-start=\"539\" data-end=\"553\">Am Control<\/strong> bieden we <strong data-start=\"574\" data-end=\"598\">op maat gemaakte oplossingen<\/strong> om infestaties te identificeren, elimineren en te voorkomen, zodat we een gezonde en beschermde omgeving garanderen.<\/p>\t\t\t\t\t\t\t\t<\/div>\n\t\t\t\t<\/div>\n\t\t\t\t<div class=\"elementor-element elementor-element-70d436e elementor-align-left elementor-widget elementor-widget-button\" data-id=\"70d436e\" data-element_type=\"widget\" data-e-type=\"widget\" data-widget_type=\"button.default\">\n\t\t\t\t<div class=\"elementor-widget-container\">\n\t\t\t\t\t\t\t\t\t<div class=\"elementor-button-wrapper\">\n\t\t\t\t\t<a class=\"elementor-button elementor-button-link elementor-size-sm\" href=\"https:\/\/amcontrol.be\/nl\/contact\/\">\n\t\t\t\t\t\t<span class=\"elementor-button-content-wrapper\">\n\t\t\t\t\t\t\t\t\t<span class=\"elementor-button-text\">Neem contact met ons op<\/span>\n\t\t\t\t\t<\/span>\n\t\t\t\t\t<\/a>\n\t\t\t\t<\/div>\n\t\t\t\t\t\t\t\t<\/div>\n\t\t\t\t<\/div>\n\t\t\t\t<\/div>\n\t\t\t\t\t<\/div>\n\t\t\t\t<\/div>\n\t\t<div data-particle_enable=\"false\" data-particle-mobile-disabled=\"false\" class=\"elementor-element elementor-element-4822324 e-flex e-con-boxed e-con e-parent\" data-id=\"4822324\" data-element_type=\"container\" data-e-type=\"container\">\n\t\t\t\t\t<div class=\"e-con-inner\">\n\t\t<div data-particle_enable=\"false\" data-particle-mobile-disabled=\"false\" class=\"elementor-element elementor-element-bcc989d e-con-full e-flex e-con e-child\" data-id=\"bcc989d\" data-element_type=\"container\" data-e-type=\"container\">\n\t\t\t\t<div class=\"elementor-element elementor-element-7a87631 elementor-widget elementor-widget-heading\" data-id=\"7a87631\" data-element_type=\"widget\" data-e-type=\"widget\" data-widget_type=\"heading.default\">\n\t\t\t\t<div class=\"elementor-widget-container\">\n\t\t\t\t\t<h2 class=\"elementor-heading-title elementor-size-default\">Gevaren van ongedierte<\/h2>\t\t\t\t<\/div>\n\t\t\t\t<\/div>\n\t\t\t\t<div class=\"elementor-element elementor-element-46bab25 elementor-icon-list--layout-traditional elementor-list-item-link-full_width elementor-widget elementor-widget-icon-list\" data-id=\"46bab25\" data-element_type=\"widget\" data-e-type=\"widget\" data-widget_type=\"icon-list.default\">\n\t\t\t\t<div class=\"elementor-widget-container\">\n\t\t\t\t\t\t\t<ul class=\"elementor-icon-list-items\">\n\t\t\t\t\t\t\t<li class=\"elementor-icon-list-item\">\n\t\t\t\t\t\t\t\t\t\t\t<span class=\"elementor-icon-list-icon\">\n\t\t\t\t\t\t\t<i aria-hidden=\"true\" class=\"fas fa-circle\"><\/i>\t\t\t\t\t\t<\/span>\n\t\t\t\t\t\t\t\t\t\t<span class=\"elementor-icon-list-text\">Contaminatie van voedsel en oppervlakken door microben en bacteri\u00ebn<\/span>\n\t\t\t\t\t\t\t\t\t<\/li>\n\t\t\t\t\t\t\t\t<li class=\"elementor-icon-list-item\">\n\t\t\t\t\t\t\t\t\t\t\t<span class=\"elementor-icon-list-icon\">\n\t\t\t\t\t\t\t<i aria-hidden=\"true\" class=\"fas fa-circle\"><\/i>\t\t\t\t\t\t<\/span>\n\t\t\t\t\t\t\t\t\t\t<span class=\"elementor-icon-list-text\">Allergie\u00ebn en ziekteproblemen veroorzaakt door hun uitwerpselen<\/span>\n\t\t\t\t\t\t\t\t\t<\/li>\n\t\t\t\t\t\t\t\t<li class=\"elementor-icon-list-item\">\n\t\t\t\t\t\t\t\t\t\t\t<span class=\"elementor-icon-list-icon\">\n\t\t\t\t\t\t\t<i aria-hidden=\"true\" class=\"fas fa-circle\"><\/i>\t\t\t\t\t\t<\/span>\n\t\t\t\t\t\t\t\t\t\t<span class=\"elementor-icon-list-text\">Snelle reproductie, waardoor hun uitroeiing complex wordt zonder passende behandeling<\/span>\n\t\t\t\t\t\t\t\t\t<\/li>\n\t\t\t\t\t\t\t\t<li class=\"elementor-icon-list-item\">\n\t\t\t\t\t\t\t\t\t\t<span class=\"elementor-icon-list-text\">Oplossing: Insectenbestrijding met gerichte en duurzame behandelingen<\/span>\n\t\t\t\t\t\t\t\t\t<\/li>\n\t\t\t\t\t\t<\/ul>\n\t\t\t\t\t\t<\/div>\n\t\t\t\t<\/div>\n\t\t\t\t<div class=\"elementor-element elementor-element-13f26f6 elementor-align-left elementor-widget elementor-widget-button\" data-id=\"13f26f6\" data-element_type=\"widget\" data-e-type=\"widget\" data-widget_type=\"button.default\">\n\t\t\t\t<div class=\"elementor-widget-container\">\n\t\t\t\t\t\t\t\t\t<div class=\"elementor-button-wrapper\">\n\t\t\t\t\t<a class=\"elementor-button elementor-button-link elementor-size-sm\" href=\"tel:+32488302169\">\n\t\t\t\t\t\t<span class=\"elementor-button-content-wrapper\">\n\t\t\t\t\t\t\t\t\t<span class=\"elementor-button-text\">0488 30 21 69<\/span>\n\t\t\t\t\t<\/span>\n\t\t\t\t\t<\/a>\n\t\t\t\t<\/div>\n\t\t\t\t\t\t\t\t<\/div>\n\t\t\t\t<\/div>\n\t\t\t\t<\/div>\n\t\t<div data-particle_enable=\"false\" data-particle-mobile-disabled=\"false\" class=\"elementor-element elementor-element-70720a1 e-con-full e-flex e-con e-child\" data-id=\"70720a1\" data-element_type=\"container\" data-e-type=\"container\">\n\t\t\t\t<div class=\"elementor-element elementor-element-fe9a6b3 elementor-widget elementor-widget-image\" data-id=\"fe9a6b3\" data-element_type=\"widget\" data-e-type=\"widget\" data-widget_type=\"image.default\">\n\t\t\t\t<div class=\"elementor-widget-container\">\n\t\t\t\t\t\t\t\t\t\t\t\t\t\t\t<img fetchpriority=\"high\" decoding=\"async\" width=\"1920\" height=\"1080\" src=\"https:\/\/amcontrol.be\/wp-content\/uploads\/Design-sans-titre-2024-11-26T175356.098.png\" class=\"attachment-large size-large wp-image-420\" alt=\",\" srcset=\"https:\/\/amcontrol.be\/wp-content\/uploads\/Design-sans-titre-2024-11-26T175356.098.png 1920w, https:\/\/amcontrol.be\/wp-content\/uploads\/Design-sans-titre-2024-11-26T175356.098-768x432.png 768w, https:\/\/amcontrol.be\/wp-content\/uploads\/Design-sans-titre-2024-11-26T175356.098-1536x864.png 1536w\" sizes=\"(max-width: 1920px) 100vw, 1920px\" title=\"\">\t\t\t\t\t\t\t\t\t\t\t\t\t\t\t<\/div>\n\t\t\t\t<\/div>\n\t\t\t\t<div class=\"elementor-element elementor-element-89fd000 elementor-absolute elementor-widget elementor-widget-image\" data-id=\"89fd000\" data-element_type=\"widget\" data-e-type=\"widget\" data-settings=\"{&quot;_position&quot;:&quot;absolute&quot;}\" data-widget_type=\"image.default\">\n\t\t\t\t<div class=\"elementor-widget-container\">\n\t\t\t\t\t\t\t\t\t\t\t\t\t\t\t<img decoding=\"async\" width=\"1920\" height=\"1080\" src=\"https:\/\/amcontrol.be\/wp-content\/uploads\/IMAGZE-4.png\" class=\"attachment-large size-large wp-image-1755\" alt=\"nuisibles\" srcset=\"https:\/\/amcontrol.be\/wp-content\/uploads\/IMAGZE-4.png 1920w, https:\/\/amcontrol.be\/wp-content\/uploads\/IMAGZE-4-768x432.png 768w, https:\/\/amcontrol.be\/wp-content\/uploads\/IMAGZE-4-1536x864.png 1536w\" sizes=\"(max-width: 1920px) 100vw, 1920px\" title=\"\">\t\t\t\t\t\t\t\t\t\t\t\t\t\t\t<\/div>\n\t\t\t\t<\/div>\n\t\t\t\t<\/div>\n\t\t\t\t\t<\/div>\n\t\t\t\t<\/div>\n\t\t<div data-particle_enable=\"false\" data-particle-mobile-disabled=\"false\" class=\"elementor-element elementor-element-81c9e47 e-flex e-con-boxed e-con e-parent\" data-id=\"81c9e47\" data-element_type=\"container\" data-e-type=\"container\" data-settings=\"{&quot;background_background&quot;:&quot;gradient&quot;,&quot;shape_divider_top&quot;:&quot;tilt&quot;,&quot;shape_divider_bottom&quot;:&quot;tilt&quot;}\">\n\t\t\t\t\t<div class=\"e-con-inner\">\n\t\t\t\t<div class=\"elementor-shape elementor-shape-top\" aria-hidden=\"true\" data-negative=\"false\">\n\t\t\t<svg xmlns=\"http:\/\/www.w3.org\/2000\/svg\" viewbox=\"0 0 1000 100\" preserveaspectratio=\"none\">\n\t<path class=\"elementor-shape-fill\" d=\"M0,6V0h1000v100L0,6z\"\/>\n<\/svg>\t\t<\/div>\n\t\t\t\t<div class=\"elementor-shape elementor-shape-bottom\" aria-hidden=\"true\" data-negative=\"false\">\n\t\t\t<svg xmlns=\"http:\/\/www.w3.org\/2000\/svg\" viewbox=\"0 0 1000 100\" preserveaspectratio=\"none\">\n\t<path class=\"elementor-shape-fill\" d=\"M0,6V0h1000v100L0,6z\"\/>\n<\/svg>\t\t<\/div>\n\t\t<div data-particle_enable=\"false\" data-particle-mobile-disabled=\"false\" class=\"elementor-element elementor-element-2663cde e-flex e-con-boxed e-con e-child\" data-id=\"2663cde\" data-element_type=\"container\" data-e-type=\"container\">\n\t\t\t\t\t<div class=\"e-con-inner\">\n\t\t\t\t<div class=\"elementor-element elementor-element-0750934 elementor-widget elementor-widget-heading\" data-id=\"0750934\" data-element_type=\"widget\" data-e-type=\"widget\" data-widget_type=\"heading.default\">\n\t\t\t\t<div class=\"elementor-widget-container\">\n\t\t\t\t\t<h2 class=\"elementor-heading-title elementor-size-default\">Preventieplan<\/h2>\t\t\t\t<\/div>\n\t\t\t\t<\/div>\n\t\t\t\t<div class=\"elementor-element elementor-element-6ba3d63 elementor-widget elementor-widget-text-editor\" data-id=\"6ba3d63\" data-element_type=\"widget\" data-e-type=\"widget\" data-widget_type=\"text-editor.default\">\n\t\t\t\t<div class=\"elementor-widget-container\">\n\t\t\t\t\t\t\t\t\t<p data-start=\"143\" data-end=\"513\" class=\"translation-block\">Ongedierte zoals <strong data-start=\"167\" data-end=\"202\">knaagdieren, insecten en vliegende dieren<\/strong> kunnen zich snel nestelen in een <strong data-start=\"242\" data-end=\"254\">woning<\/strong> of een <strong data-start=\"261\" data-end=\"292\">bedrijfspand<\/strong>, wat leidt tot <strong data-start=\"309\" data-end=\"356\">gezondheids-, materi\u00eble en financi\u00eble risico's<\/strong>. Een enkele curatieve behandeling is niet altijd voldoende: om herbesmetting te voorkomen, is het cruciaal een <strong data-start=\"474\" data-end=\"510\">effectieve preventiestrategie<\/strong> te hanteren.<\/p><p data-start=\"515\" data-end=\"688\" class=\"translation-block\">Bij <strong data-start=\"520\" data-end=\"534\">Am Control<\/strong> implementeren wij <strong data-start=\"562\" data-end=\"596\">op maat gemaakte preventieplannen<\/strong> die zijn afgestemd op uw situatie, zodat uw huis of uw bedrijf duurzaam beschermd wordt.<\/p>\t\t\t\t\t\t\t\t<\/div>\n\t\t\t\t<\/div>\n\t\t\t\t<div class=\"elementor-element elementor-element-6f523ad elementor-align-center elementor-widget elementor-widget-button\" data-id=\"6f523ad\" data-element_type=\"widget\" data-e-type=\"widget\" data-widget_type=\"button.default\">\n\t\t\t\t<div class=\"elementor-widget-container\">\n\t\t\t\t\t\t\t\t\t<div class=\"elementor-button-wrapper\">\n\t\t\t\t\t<a class=\"elementor-button elementor-button-link elementor-size-sm\" href=\"https:\/\/amcontrol.be\/nl\/plan-de-prevention\/\">\n\t\t\t\t\t\t<span class=\"elementor-button-content-wrapper\">\n\t\t\t\t\t\t\t\t\t<span class=\"elementor-button-text\">Meer zien<\/span>\n\t\t\t\t\t<\/span>\n\t\t\t\t\t<\/a>\n\t\t\t\t<\/div>\n\t\t\t\t\t\t\t\t<\/div>\n\t\t\t\t<\/div>\n\t\t\t\t\t<\/div>\n\t\t\t\t<\/div>\n\t\t\t\t\t<\/div>\n\t\t\t\t<\/div>\n\t\t\t\t<\/div>","protected":false},"excerpt":{"rendered":"<p>Identifier et \u00c9liminer les Menaces de Votre Environnement Les nuisibles peuvent envahir votre maison ou votre entreprise, causant des d\u00e9g\u00e2ts mat\u00e9riels, des nuisances et des risques sanitaires. Que ce soit des rongeurs, cafards, punaises de lit, insectes rampants ou volants, ou encore des gu\u00eapes et frelons, leur pr\u00e9sence peut rapidement devenir un probl\u00e8me majeur. Chez [&hellip;]<\/p>\n","protected":false},"author":1,"featured_media":1755,"parent":0,"menu_order":0,"comment_status":"closed","ping_status":"closed","template":"","meta":{"footnotes":""},"class_list":["post-1482","page","type-page","status-publish","has-post-thumbnail","hentry"],"_links":{"self":[{"href":"https:\/\/amcontrol.be\/nl\/wp-json\/wp\/v2\/pages\/1482","targetHints":{"allow":["GET"]}}],"collection":[{"href":"https:\/\/amcontrol.be\/nl\/wp-json\/wp\/v2\/pages"}],"about":[{"href":"https:\/\/amcontrol.be\/nl\/wp-json\/wp\/v2\/types\/page"}],"author":[{"embeddable":true,"href":"https:\/\/amcontrol.be\/nl\/wp-json\/wp\/v2\/users\/1"}],"replies":[{"embeddable":true,"href":"https:\/\/amcontrol.be\/nl\/wp-json\/wp\/v2\/comments?post=1482"}],"version-history":[{"count":47,"href":"https:\/\/amcontrol.be\/nl\/wp-json\/wp\/v2\/pages\/1482\/revisions"}],"predecessor-version":[{"id":4096,"href":"https:\/\/amcontrol.be\/nl\/wp-json\/wp\/v2\/pages\/1482\/revisions\/4096"}],"wp:featuredmedia":[{"embeddable":true,"href":"https:\/\/amcontrol.be\/nl\/wp-json\/wp\/v2\/media\/1755"}],"wp:attachment":[{"href":"https:\/\/amcontrol.be\/nl\/wp-json\/wp\/v2\/media?parent=1482"}],"curies":[{"name":"wp","href":"https:\/\/api.w.org\/{rel}","templated":true}]}}