{"id":571,"date":"2024-12-03T17:19:17","date_gmt":"2024-12-03T16:19:17","guid":{"rendered":"https:\/\/amcontrol.myskydoowebsite.com\/?page_id=571"},"modified":"2025-05-28T17:05:22","modified_gmt":"2025-05-28T15:05:22","slug":"desinsection","status":"publish","type":"page","link":"https:\/\/amcontrol.be\/nl\/desinsection\/","title":{"rendered":"Insectenbestrijding"},"content":{"rendered":"<div data-elementor-type=\"wp-page\" data-elementor-id=\"571\" class=\"elementor elementor-571\" data-elementor-post-type=\"page\">\n\t\t\t\t<div data-particle_enable=\"false\" data-particle-mobile-disabled=\"false\" class=\"elementor-element elementor-element-e74fe53 e-con-full e-flex e-con e-parent\" data-id=\"e74fe53\" data-element_type=\"container\" data-e-type=\"container\" data-settings=\"{&quot;background_background&quot;:&quot;classic&quot;,&quot;shape_divider_bottom&quot;:&quot;tilt&quot;}\">\n\t\t\t\t<div class=\"elementor-shape elementor-shape-bottom\" aria-hidden=\"true\" data-negative=\"false\">\n\t\t\t<svg xmlns=\"http:\/\/www.w3.org\/2000\/svg\" viewbox=\"0 0 1000 100\" preserveaspectratio=\"none\">\n\t<path class=\"elementor-shape-fill\" d=\"M0,6V0h1000v100L0,6z\"\/>\n<\/svg>\t\t<\/div>\n\t\t\t\t<div class=\"elementor-element elementor-element-fba6f4c elementor-widget elementor-widget-html\" data-id=\"fba6f4c\" data-element_type=\"widget\" data-e-type=\"widget\" data-widget_type=\"html.default\">\n\t\t\t\t<div class=\"elementor-widget-container\">\n\t\t\t\t\t<div class=\"hidden-heading\">\r\n  <h2 class=\"visually-hidden\">\r\n    AM Control assure la d\u00e9sinsection de tous types de locaux en Belgique contre les insectes nuisibles\r\n  <\/h2>\r\n<\/div>\r\n\t\t\t\t<\/div>\n\t\t\t\t<\/div>\n\t\t<div data-particle_enable=\"false\" data-particle-mobile-disabled=\"false\" class=\"elementor-element elementor-element-5eeb4de e-con-full e-flex e-con e-child\" data-id=\"5eeb4de\" data-element_type=\"container\" data-e-type=\"container\">\n\t\t\t\t<div class=\"elementor-element elementor-element-3083157 elementor-widget elementor-widget-heading\" data-id=\"3083157\" data-element_type=\"widget\" data-e-type=\"widget\" data-widget_type=\"heading.default\">\n\t\t\t\t<div class=\"elementor-widget-container\">\n\t\t\t\t\t<h2 class=\"elementor-heading-title elementor-size-default\">Anti-insectenbehandeling voor professionele lokalen<\/h2>\t\t\t\t<\/div>\n\t\t\t\t<\/div>\n\t\t\t\t<div class=\"elementor-element elementor-element-5fb2177 elementor-widget elementor-widget-text-editor\" data-id=\"5fb2177\" data-element_type=\"widget\" data-e-type=\"widget\" data-widget_type=\"text-editor.default\">\n\t\t\t\t<div class=\"elementor-widget-container\">\n\t\t\t\t\t\t\t\t\t<p data-start=\"1203\" data-end=\"1443\" class=\"translation-block\">Schadelijke insecten kunnen de netheid en de reputatie van een bedrijf in gevaar brengen. Kakkerlakken, mieren, bedwantsen, vliegen of wespen kunnen uw lokalen snel binnenvallen en <strong data-start=\"1398\" data-end=\"1440\">gezondheids- en regelgevingsproblemen<\/strong> veroorzaken.<\/p>\t\t\t\t\t\t\t\t<\/div>\n\t\t\t\t<\/div>\n\t\t\t\t<div class=\"elementor-element elementor-element-abffb98 elementor-align-left elementor-widget elementor-widget-button\" data-id=\"abffb98\" data-element_type=\"widget\" data-e-type=\"widget\" data-widget_type=\"button.default\">\n\t\t\t\t<div class=\"elementor-widget-container\">\n\t\t\t\t\t\t\t\t\t<div class=\"elementor-button-wrapper\">\n\t\t\t\t\t<a class=\"elementor-button elementor-button-link elementor-size-sm\" href=\"https:\/\/amcontrol.be\/nl\/contact\/\">\n\t\t\t\t\t\t<span class=\"elementor-button-content-wrapper\">\n\t\t\t\t\t\t\t\t\t<span class=\"elementor-button-text\">Neem contact met ons op<\/span>\n\t\t\t\t\t<\/span>\n\t\t\t\t\t<\/a>\n\t\t\t\t<\/div>\n\t\t\t\t\t\t\t\t<\/div>\n\t\t\t\t<\/div>\n\t\t\t\t<\/div>\n\t\t\t\t<\/div>\n\t\t<div data-particle_enable=\"false\" data-particle-mobile-disabled=\"false\" class=\"elementor-element elementor-element-78671a1 e-flex e-con-boxed e-con e-parent\" data-id=\"78671a1\" data-element_type=\"container\" data-e-type=\"container\">\n\t\t\t\t\t<div class=\"e-con-inner\">\n\t\t<div data-particle_enable=\"false\" data-particle-mobile-disabled=\"false\" class=\"elementor-element elementor-element-cebc98c e-con-full e-flex e-con e-child\" data-id=\"cebc98c\" data-element_type=\"container\" data-e-type=\"container\">\n\t\t\t\t<div class=\"elementor-element elementor-element-fe4a2a9 elementor-widget elementor-widget-heading\" data-id=\"fe4a2a9\" data-element_type=\"widget\" data-e-type=\"widget\" data-widget_type=\"heading.default\">\n\t\t\t\t<div class=\"elementor-widget-container\">\n\t\t\t\t\t<h2 class=\"elementor-heading-title elementor-size-default\">Onze acties voor bedrijven <\/h2>\t\t\t\t<\/div>\n\t\t\t\t<\/div>\n\t\t\t\t<div class=\"elementor-element elementor-element-f1bfabb elementor-icon-list--layout-traditional elementor-list-item-link-full_width elementor-widget elementor-widget-icon-list\" data-id=\"f1bfabb\" data-element_type=\"widget\" data-e-type=\"widget\" data-widget_type=\"icon-list.default\">\n\t\t\t\t<div class=\"elementor-widget-container\">\n\t\t\t\t\t\t\t<ul class=\"elementor-icon-list-items\">\n\t\t\t\t\t\t\t<li class=\"elementor-icon-list-item\">\n\t\t\t\t\t\t\t\t\t\t\t<span class=\"elementor-icon-list-icon\">\n\t\t\t\t\t\t\t<i aria-hidden=\"true\" class=\"fas fa-circle\"><\/i>\t\t\t\t\t\t<\/span>\n\t\t\t\t\t\t\t\t\t\t<span class=\"elementor-icon-list-text\"> Nauwkeurige identificatie van de infestatiebronnen dankzij geavanceerde technologie\u00ebn.<\/span>\n\t\t\t\t\t\t\t\t\t<\/li>\n\t\t\t\t\t\t\t\t<li class=\"elementor-icon-list-item\">\n\t\t\t\t\t\t\t\t\t\t\t<span class=\"elementor-icon-list-icon\">\n\t\t\t\t\t\t\t<i aria-hidden=\"true\" class=\"fas fa-circle\"><\/i>\t\t\t\t\t\t<\/span>\n\t\t\t\t\t\t\t\t\t\t<span class=\"elementor-icon-list-text\">Behandelingen aangepast aan uw sector (voedingsindustrie, industrie, horeca, kantoren, enz.).<\/span>\n\t\t\t\t\t\t\t\t\t<\/li>\n\t\t\t\t\t\t\t\t<li class=\"elementor-icon-list-item\">\n\t\t\t\t\t\t\t\t\t\t\t<span class=\"elementor-icon-list-icon\">\n\t\t\t\t\t\t\t<i aria-hidden=\"true\" class=\"fas fa-circle\"><\/i>\t\t\t\t\t\t<\/span>\n\t\t\t\t\t\t\t\t\t\t<span class=\"elementor-icon-list-text\">Curatieve en preventieve oplossingen om een duurzame eliminatie te garanderen.<\/span>\n\t\t\t\t\t\t\t\t\t<\/li>\n\t\t\t\t\t\t\t\t<li class=\"elementor-icon-list-item\">\n\t\t\t\t\t\t\t\t\t\t\t<span class=\"elementor-icon-list-icon\">\n\t\t\t\t\t\t\t<i aria-hidden=\"true\" class=\"fas fa-circle\"><\/i>\t\t\t\t\t\t<\/span>\n\t\t\t\t\t\t\t\t\t\t<span class=\"elementor-icon-list-text\">Snelle en discrete interventie, zonder uw activiteiten te verstoren.<\/span>\n\t\t\t\t\t\t\t\t\t<\/li>\n\t\t\t\t\t\t\t\t<li class=\"elementor-icon-list-item\">\n\t\t\t\t\t\t\t\t\t\t\t<span class=\"elementor-icon-list-icon\">\n\t\t\t\t\t\t\t<i aria-hidden=\"true\" class=\"fas fa-circle\"><\/i>\t\t\t\t\t\t<\/span>\n\t\t\t\t\t\t\t\t\t\t<span class=\"elementor-icon-list-text\">Goedgekeurde behandelingen conform de Europese normen om de veiligheid van medewerkers en klanten te garanderen.<\/span>\n\t\t\t\t\t\t\t\t\t<\/li>\n\t\t\t\t\t\t<\/ul>\n\t\t\t\t\t\t<\/div>\n\t\t\t\t<\/div>\n\t\t\t\t<div class=\"elementor-element elementor-element-9ec7d90 elementor-align-left elementor-widget elementor-widget-button\" data-id=\"9ec7d90\" data-element_type=\"widget\" data-e-type=\"widget\" data-widget_type=\"button.default\">\n\t\t\t\t<div class=\"elementor-widget-container\">\n\t\t\t\t\t\t\t\t\t<div class=\"elementor-button-wrapper\">\n\t\t\t\t\t<a class=\"elementor-button elementor-button-link elementor-size-sm\" href=\"tel:+32488302169\">\n\t\t\t\t\t\t<span class=\"elementor-button-content-wrapper\">\n\t\t\t\t\t\t\t\t\t<span class=\"elementor-button-text\">0488 30 21 69<\/span>\n\t\t\t\t\t<\/span>\n\t\t\t\t\t<\/a>\n\t\t\t\t<\/div>\n\t\t\t\t\t\t\t\t<\/div>\n\t\t\t\t<\/div>\n\t\t\t\t<\/div>\n\t\t<div data-particle_enable=\"false\" data-particle-mobile-disabled=\"false\" class=\"elementor-element elementor-element-0d89913 e-con-full e-flex e-con e-child\" data-id=\"0d89913\" data-element_type=\"container\" data-e-type=\"container\">\n\t\t\t\t<div class=\"elementor-element elementor-element-be9b145 elementor-widget elementor-widget-image\" data-id=\"be9b145\" data-element_type=\"widget\" data-e-type=\"widget\" data-widget_type=\"image.default\">\n\t\t\t\t<div class=\"elementor-widget-container\">\n\t\t\t\t\t\t\t\t\t\t\t\t\t\t\t<img fetchpriority=\"high\" decoding=\"async\" width=\"1920\" height=\"1080\" src=\"https:\/\/amcontrol.be\/wp-content\/uploads\/Design-sans-titre-2025-01-09T105553.526.png\" class=\"attachment-large size-large wp-image-1596\" alt=\"d\u00e9sinsection\" srcset=\"https:\/\/amcontrol.be\/wp-content\/uploads\/Design-sans-titre-2025-01-09T105553.526.png 1920w, https:\/\/amcontrol.be\/wp-content\/uploads\/Design-sans-titre-2025-01-09T105553.526-768x432.png 768w, https:\/\/amcontrol.be\/wp-content\/uploads\/Design-sans-titre-2025-01-09T105553.526-1536x864.png 1536w\" sizes=\"(max-width: 1920px) 100vw, 1920px\" title=\"\">\t\t\t\t\t\t\t\t\t\t\t\t\t\t\t<\/div>\n\t\t\t\t<\/div>\n\t\t\t\t<div class=\"elementor-element elementor-element-53e83fc elementor-absolute elementor-widget elementor-widget-image\" data-id=\"53e83fc\" data-element_type=\"widget\" data-e-type=\"widget\" data-settings=\"{&quot;_position&quot;:&quot;absolute&quot;}\" data-widget_type=\"image.default\">\n\t\t\t\t<div class=\"elementor-widget-container\">\n\t\t\t\t\t\t\t\t\t\t\t\t\t\t\t<img decoding=\"async\" width=\"1920\" height=\"1080\" src=\"https:\/\/amcontrol.be\/wp-content\/uploads\/Design-sans-titre-2025-01-09T105740.409.png\" class=\"attachment-large size-large wp-image-1599\" alt=\",\" srcset=\"https:\/\/amcontrol.be\/wp-content\/uploads\/Design-sans-titre-2025-01-09T105740.409.png 1920w, https:\/\/amcontrol.be\/wp-content\/uploads\/Design-sans-titre-2025-01-09T105740.409-768x432.png 768w, https:\/\/amcontrol.be\/wp-content\/uploads\/Design-sans-titre-2025-01-09T105740.409-1536x864.png 1536w\" sizes=\"(max-width: 1920px) 100vw, 1920px\" title=\"\">\t\t\t\t\t\t\t\t\t\t\t\t\t\t\t<\/div>\n\t\t\t\t<\/div>\n\t\t\t\t<\/div>\n\t\t\t\t\t<\/div>\n\t\t\t\t<\/div>\n\t\t<div data-particle_enable=\"false\" data-particle-mobile-disabled=\"false\" class=\"elementor-element elementor-element-15149f4 e-flex e-con-boxed e-con e-parent\" data-id=\"15149f4\" data-element_type=\"container\" data-e-type=\"container\" data-settings=\"{&quot;background_background&quot;:&quot;gradient&quot;,&quot;shape_divider_top&quot;:&quot;tilt&quot;,&quot;shape_divider_bottom&quot;:&quot;tilt&quot;}\">\n\t\t\t\t\t<div class=\"e-con-inner\">\n\t\t\t\t<div class=\"elementor-shape elementor-shape-top\" aria-hidden=\"true\" data-negative=\"false\">\n\t\t\t<svg xmlns=\"http:\/\/www.w3.org\/2000\/svg\" viewbox=\"0 0 1000 100\" preserveaspectratio=\"none\">\n\t<path class=\"elementor-shape-fill\" d=\"M0,6V0h1000v100L0,6z\"\/>\n<\/svg>\t\t<\/div>\n\t\t\t\t<div class=\"elementor-shape elementor-shape-bottom\" aria-hidden=\"true\" data-negative=\"false\">\n\t\t\t<svg xmlns=\"http:\/\/www.w3.org\/2000\/svg\" viewbox=\"0 0 1000 100\" preserveaspectratio=\"none\">\n\t<path class=\"elementor-shape-fill\" d=\"M0,6V0h1000v100L0,6z\"\/>\n<\/svg>\t\t<\/div>\n\t\t<div data-particle_enable=\"false\" data-particle-mobile-disabled=\"false\" class=\"elementor-element elementor-element-77cf83b e-flex e-con-boxed e-con e-child\" data-id=\"77cf83b\" data-element_type=\"container\" data-e-type=\"container\">\n\t\t\t\t\t<div class=\"e-con-inner\">\n\t\t\t\t<div class=\"elementor-element elementor-element-20d92c8 elementor-widget elementor-widget-heading\" data-id=\"20d92c8\" data-element_type=\"widget\" data-e-type=\"widget\" data-widget_type=\"heading.default\">\n\t\t\t\t<div class=\"elementor-widget-container\">\n\t\t\t\t\t<h2 class=\"elementor-heading-title elementor-size-default\">Preventieplan<\/h2>\t\t\t\t<\/div>\n\t\t\t\t<\/div>\n\t\t\t\t<div class=\"elementor-element elementor-element-7359ef7 elementor-widget elementor-widget-text-editor\" data-id=\"7359ef7\" data-element_type=\"widget\" data-e-type=\"widget\" data-widget_type=\"text-editor.default\">\n\t\t\t\t<div class=\"elementor-widget-container\">\n\t\t\t\t\t\t\t\t\t<p data-start=\"143\" data-end=\"513\" class=\"translation-block\">Ongedierte zoals <strong data-start=\"167\" data-end=\"202\">knaagdieren, insecten en vliegende dieren<\/strong> kunnen zich snel nestelen in een <strong data-start=\"242\" data-end=\"254\">woning<\/strong> of een <strong data-start=\"261\" data-end=\"292\">bedrijfspand<\/strong>, wat leidt tot <strong data-start=\"309\" data-end=\"356\">gezondheids-, materi\u00eble en financi\u00eble risico's<\/strong>. Een enkele curatieve behandeling is niet altijd voldoende: om herbesmetting te voorkomen, is het cruciaal een <strong data-start=\"474\" data-end=\"510\">effectieve preventiestrategie<\/strong> te hanteren.<\/p><p data-start=\"515\" data-end=\"688\" class=\"translation-block\">Bij <strong data-start=\"520\" data-end=\"534\">Am Control<\/strong> implementeren wij <strong data-start=\"562\" data-end=\"596\">op maat gemaakte preventieplannen<\/strong> die zijn afgestemd op uw situatie, zodat uw huis of uw bedrijf duurzaam beschermd wordt.<\/p>\t\t\t\t\t\t\t\t<\/div>\n\t\t\t\t<\/div>\n\t\t\t\t<div class=\"elementor-element elementor-element-7636a61 elementor-align-center elementor-widget elementor-widget-button\" data-id=\"7636a61\" data-element_type=\"widget\" data-e-type=\"widget\" data-widget_type=\"button.default\">\n\t\t\t\t<div class=\"elementor-widget-container\">\n\t\t\t\t\t\t\t\t\t<div class=\"elementor-button-wrapper\">\n\t\t\t\t\t<a class=\"elementor-button elementor-button-link elementor-size-sm\" href=\"https:\/\/amcontrol.be\/nl\/plan-de-prevention\/\">\n\t\t\t\t\t\t<span class=\"elementor-button-content-wrapper\">\n\t\t\t\t\t\t\t\t\t<span class=\"elementor-button-text\">Meer zien<\/span>\n\t\t\t\t\t<\/span>\n\t\t\t\t\t<\/a>\n\t\t\t\t<\/div>\n\t\t\t\t\t\t\t\t<\/div>\n\t\t\t\t<\/div>\n\t\t\t\t\t<\/div>\n\t\t\t\t<\/div>\n\t\t\t\t\t<\/div>\n\t\t\t\t<\/div>\n\t\t\t\t<\/div>","protected":false},"excerpt":{"rendered":"<p>AM Control assure la d\u00e9sinsection de tous types de locaux en Belgique contre les insectes nuisibles Traitement Anti-Insectes pour Locaux Professionnels Les insectes nuisibles peuvent compromettre la propret\u00e9 et la r\u00e9putation d\u2019une entreprise. Cafards, fourmis, punaises de lit, mouches ou gu\u00eapes peuvent rapidement envahir vos locaux et poser des probl\u00e8mes sanitaires et r\u00e9glementaires. Contactez-nous Nos [&hellip;]<\/p>\n","protected":false},"author":1,"featured_media":1596,"parent":0,"menu_order":0,"comment_status":"closed","ping_status":"closed","template":"","meta":{"footnotes":""},"class_list":["post-571","page","type-page","status-publish","has-post-thumbnail","hentry"],"_links":{"self":[{"href":"https:\/\/amcontrol.be\/nl\/wp-json\/wp\/v2\/pages\/571","targetHints":{"allow":["GET"]}}],"collection":[{"href":"https:\/\/amcontrol.be\/nl\/wp-json\/wp\/v2\/pages"}],"about":[{"href":"https:\/\/amcontrol.be\/nl\/wp-json\/wp\/v2\/types\/page"}],"author":[{"embeddable":true,"href":"https:\/\/amcontrol.be\/nl\/wp-json\/wp\/v2\/users\/1"}],"replies":[{"embeddable":true,"href":"https:\/\/amcontrol.be\/nl\/wp-json\/wp\/v2\/comments?post=571"}],"version-history":[{"count":90,"href":"https:\/\/amcontrol.be\/nl\/wp-json\/wp\/v2\/pages\/571\/revisions"}],"predecessor-version":[{"id":4041,"href":"https:\/\/amcontrol.be\/nl\/wp-json\/wp\/v2\/pages\/571\/revisions\/4041"}],"wp:featuredmedia":[{"embeddable":true,"href":"https:\/\/amcontrol.be\/nl\/wp-json\/wp\/v2\/media\/1596"}],"wp:attachment":[{"href":"https:\/\/amcontrol.be\/nl\/wp-json\/wp\/v2\/media?parent=571"}],"curies":[{"name":"wp","href":"https:\/\/api.w.org\/{rel}","templated":true}]}}